{"id":20054,"date":"2023-06-04T12:43:03","date_gmt":"2023-06-04T10:43:03","guid":{"rendered":"https:\/\/cilisupport.com\/prihlaseni\/"},"modified":"2026-01-02T16:27:05","modified_gmt":"2026-01-02T15:27:05","slug":"login","status":"publish","type":"page","link":"https:\/\/goldenwavesupport.info\/cs\/login\/","title":{"rendered":"P\u0159ihl\u00e1\u0161en\u00ed"},"content":{"rendered":"<div  data-label=\"Registrierung\" data-id=\"about-image-section-pro\" data-category=\"about\" class=\"about-image-section-pro\" id=\"registrierung\" style=\"background-color: rgb(255, 255, 255);\"> <div  class=\"gridContainer\"> <div  class=\"row about-image-gridcol-pro\"> <div  class=\"about-image-textcol-pro\" data-type=\"column\"> <h2  class=\"\"> Registrace <\/h2>  <p  class=\"\">P\u0159ed registrac\u00ed se pros\u00edm nejprve pod\u00edvejte na video.<\/p><div  data-editable=\"true\" data-name=\"ope-widgets-area\" data-content-shortcode=\"ope_display_widgets_area id=&quot;ope_pro_users_custom_widgets_area_8&quot; \" ope_pro_users_custom_widgets_area_8\"=\"\" \"=\"\" class=\"\"><div data-name=\"ope-widgets-area\"><div id=\"block-50\" class=\"widget widget_block\"><div style=\"max-width:640px;margin:0 auto;\">\n<div style=\"position:relative;padding-bottom:56.25%;height:0;overflow:hidden;\">\n    <iframe \n      src=\"https:\/\/player.vimeo.com\/video\/1055656755\"\n      style=\"position:absolute;top:0;left:0;width:100%;height:100%;\"\n      frameborder=\"0\"\n      allow=\"autoplay; fullscreen; picture-in-picture\"\n      allowfullscreen><br \/>\n    <\/iframe>\n  <\/div>\n<\/div>\n<\/div><\/div><\/div><p  class=\"\"><\/p><p  class=\"\"> Pokud je\u0161t\u011b nem\u00e1te u\u017eivatelsk\u00e9 jm\u00e9no, nejprve se pros\u00edm zaregistrujte (klikn\u011bte na tla\u010d\u00edtko Registrovat). U\u017eivatelsk\u00e9 jm\u00e9no si zvol\u00edte sami a nem\u00e1 nic spole\u010dn\u00e9ho s va\u0161\u00edm Cili ID.<\/p><a  class=\"button big color2\" href=\"https:\/\/goldenwavesupport.info\/cs\/registercili\/\" target=\"lightbox\" data-icon=\"\">NOV\u00c1 REGISTRACE<\/a><\/div> <div  data-type=\"column\" class=\"\">  <\/div> <\/div> <\/div> <\/div><div  id=\"login\" class=\"contact-section-formsection white-text contact-section\" style=\"background-color: rgba(255, 255, 255, 0); background-size: cover; background-position: center top; background-image: none;\" data-label=\"login\" data-id=\"contact-section\" data-category=\"contact\" data-bg=\"transparent\" data-ovid=\"ovid-contact-4-143\">\n<div  class=\"gridContainer\">\n<div  class=\"row_224\">\n<div  class=\"contact-textrow\">\n<div  class=\"contact-textcol dynamic-color\">\n<h2 ><span  class=\"ez-toc-section\" id=\"Anmelden\" ez-toc-data-id=\"#Anmelden\"><\/span><span  style=\"color: rgb(51, 51, 51); font-weight: 300;\">P\u0159ihl\u00e1\u0161en\u00ed<\/span><span  class=\"ez-toc-section-end\"><\/span><\/h2>\n<p  class=\"white_text\"><span  style=\"font-weight: 600; color: rgb(51, 51, 51);\">Pokud jste ji\u017e zaregistrov\u00e1ni, m\u016f\u017eete se p\u0159ihl\u00e1sit zde.<\/span><\/p>\n\n<\/div>\n<\/div>\n<\/div>\n<div  class=\"contact-formcol\" data-content-shortcode=\"one_page_express_contact_form shortcode=&quot;ultimatemember form_id=&amp;amp;quot;6&amp;amp;quot;&quot;\" ultimatemember=\"\" form_id=\"&amp;quot;6&amp;quot;&quot;&quot;\" data-editable=\"true\">\n<div class=\"um um-login um-6\">\n\t<div class=\"um-form\">\n\t\t<form method=\"post\" action=\"\" autocomplete=\"off\">\n\t\t\t<div class=\"um-row _um_row_1 \" style=\"padding: 0px 0px 0px 0px;margin: 0px 0px 30px 0px;border-width: 0px 0px 0px 0px;border-style: solid;border-radius: 0px;\"><div class=\"um-col-1\"><div  id=\"um_field_6_username\" class=\"um-field um-field-text  um-field-username um-field-text um-field-type_text\" data-key=\"username\"><div class=\"um-field-label\"><label for=\"username-6\">Username or E-mail<span class=\"um-req\" title=\"Povinn\u00e9\">*<\/span><\/label><div class=\"um-clear\"><\/div><\/div><div class=\"um-field-area\"><input  autocomplete=\"off\" class=\"um-form-field valid \" type=\"text\" name=\"username-6\" id=\"username-6\" value=\"\" placeholder=\"\" data-validate=\"\" data-key=\"username\"  aria-invalid=\"false\" \/>\n\n\t\t\t\t\t\t<\/div><\/div><div  id=\"um_field_6_user_password\" class=\"um-field um-field-password  um-field-user_password um-field-password um-field-type_password\" data-key=\"user_password\"><div class=\"um-field-label\"><label for=\"user_password-6\">Heslo<span class=\"um-req\" title=\"Povinn\u00e9\">*<\/span><\/label><div class=\"um-clear\"><\/div><\/div><div class=\"um-field-area\"><div class=\"um-field-area-password\">\n\t\t\t\t\t\t\t\t\t<input class=\"um-form-field valid \" type=\"password\" name=\"user_password-6\" id=\"user_password-6\" value=\"\" placeholder=\"\" data-validate=\"\" data-key=\"user_password\"  aria-invalid=\"false\" \/>\n\t\t\t\t\t\t\t\t\t<span class=\"um-toggle-password\"><i class=\"um-icon-eye\"><\/i><\/span>\n\t\t\t\t\t\t\t\t<\/div>\n\t\t\t\t\t\t\t<\/div><\/div><\/div><\/div>\t<input type=\"hidden\" name=\"form_id\" id=\"form_id_6\" value=\"6\" \/>\n\t\t<p class=\"um_request_name\">\n\t\t<label for=\"um_request_6\">Only fill in if you are not human<\/label>\n\t\t<input type=\"hidden\" name=\"um_request\" id=\"um_request_6\" class=\"input\" value=\"\" size=\"25\" autocomplete=\"off\" \/>\n\t<\/p>\n\t<input type=\"hidden\" id=\"_wpnonce\" name=\"_wpnonce\" value=\"4dfe853498\" \/><input type=\"hidden\" name=\"_wp_http_referer\" value=\"\/cs\/wp-json\/wp\/v2\/pages\/20054\" \/>\n\t<div class=\"um-col-alt\">\n\n\t\t\n\t\t\t<div class=\"um-center\">\n\t\t\t\t<input type=\"submit\" value=\"P\u0159ihl\u00e1\u0161en\u00ed\" class=\"um-button\" id=\"um-submit-btn\" \/>\n\t\t\t<\/div>\n\n\t\t\n\t\t<div class=\"um-clear\"><\/div>\n\n\t<\/div>\n\n\t\n\t<div class=\"um-col-alt-b\">\n\t\t<a href=\"https:\/\/goldenwavesupport.info\/cs\/obnoveni-hesla\/\" class=\"um-link-alt\">\n\t\t\tZapomn\u011bli jste heslo?\t\t<\/a>\n\t<\/div>\n\n\t\t\t<\/form>\n\t<\/div>\n<\/div>\n<style>\n\t\t\t.um-6.um {\n\t\t\tmax-width: 450px;\n\t\t}\n\t\t<\/style>\n<\/div>\n<\/div>\n<\/div><div  data-label=\"error\" data-id=\"about-image-section-pro-1\" data-category=\"about\" class=\"about-image-section-pro about-image-section-pro-1\" id=\"error\" style=\"background-color: #f6f6f6; background-image: none;\" data-ovid=\"ovid-error-356\">\n<div  class=\"gridContainer\">\n<div  class=\"row about-image-gridcol-pro\">\n<div  class=\"about-image-textcol-pro\" data-type=\"column\">\n<h2  class=\"\"><span  class=\"ez-toc-section\" id=\"Moegliche-Fehler-bei-der-Anmeldung\" ez-toc-data-id=\"#Moegliche-Fehler-bei-der-Anmeldung\"><\/span><span  style=\"font-size: 24px;\">Mo\u017en\u00e9 chyby p\u0159i registraci:<\/span><span  class=\"ez-toc-section-end\"><\/span><\/h2>\n<ul  class=\"\">\n \t<li  style=\"text-align: left;\">Do\u0161lo k chyb\u011b. Str\u00e1nka mohla b\u00fdt ulo\u017eena do mezipam\u011bti. Zkuste to pros\u00edm znovu. \u2013 Pokud se zobraz\u00ed tato chyba, na\u010dt\u011bte str\u00e1nku znovu a zkuste to znovu.   <\/li>\n \t<li  style=\"text-align: left;\">Pokud dojde k p\u0159\u00edli\u0161 mnoha nespr\u00e1vn\u00fdm pokus\u016fm o p\u0159ihl\u00e1\u0161en\u00ed, bude va\u0161e IP adresa na 60 minut zablokov\u00e1na. Proto si pros\u00edm poznamenejte sv\u00e9 u\u017eivatelsk\u00e9 jm\u00e9no a heslo a bezpe\u010dn\u011b je ulo\u017ete. <\/li>\n \t<li  style=\"text-align: left;\">Zadali jste nespr\u00e1vn\u00e9 heslo, zkuste to znovu se spr\u00e1vn\u00fdm heslem, jinak si ho m\u016f\u017eete obnovit sami.<\/li>\n \t<li  style=\"text-align: left;\">Zadali jste nespr\u00e1vn\u00e9 u\u017eivatelsk\u00e9 jm\u00e9no, zkuste to znovu se spr\u00e1vn\u00fdm u\u017eivatelsk\u00fdm jm\u00e9nem.\nPokud si nem\u016f\u017eete vzpomenout na sv\u00e9 u\u017eivatelsk\u00e9 jm\u00e9no, vypl\u0148te pros\u00edm <a  href=\"https:\/\/goldenwavesupport.info\/cs\/kontaktujte-nas\/\">kontaktn\u00ed formul\u00e1\u0159<\/a>. <\/li>\n<\/ul>\n<\/div>\n<div  data-type=\"column\" class=\"\"><\/div>\n<\/div>\n<\/div>\n<\/div>","protected":false},"excerpt":{"rendered":"<p>Registrace P\u0159ed registrac\u00ed se pros\u00edm nejprve pod\u00edvejte na video. Pokud je\u0161t\u011b nem\u00e1te u\u017eivatelsk\u00e9 jm\u00e9no, nejprve se pros\u00edm zaregistrujte (klikn\u011bte na tla\u010d\u00edtko Registrovat). U\u017eivatelsk\u00e9 jm\u00e9no si zvol\u00edte sami a nem\u00e1 nic&hellip; <br \/> <a class=\"button small blue\" href=\"https:\/\/goldenwavesupport.info\/cs\/2024\/09\/28\/cili-erhebt-mwst-auf-versand-und-bearbeitungsgebuehren\/\">P\u0159e\u010dt\u011bte si v\u00edce<\/a><\/p>\n","protected":false},"author":393,"featured_media":0,"parent":0,"menu_order":0,"comment_status":"closed","ping_status":"closed","template":"full-width-page.php","meta":{"footnotes":""},"class_list":["post-20054","page","type-page","status-publish","hentry"],"_links":{"self":[{"href":"https:\/\/goldenwavesupport.info\/cs\/wp-json\/wp\/v2\/pages\/20054","targetHints":{"allow":["GET"]}}],"collection":[{"href":"https:\/\/goldenwavesupport.info\/cs\/wp-json\/wp\/v2\/pages"}],"about":[{"href":"https:\/\/goldenwavesupport.info\/cs\/wp-json\/wp\/v2\/types\/page"}],"author":[{"embeddable":true,"href":"https:\/\/goldenwavesupport.info\/cs\/wp-json\/wp\/v2\/users\/393"}],"replies":[{"embeddable":true,"href":"https:\/\/goldenwavesupport.info\/cs\/wp-json\/wp\/v2\/comments?post=20054"}],"version-history":[{"count":3,"href":"https:\/\/goldenwavesupport.info\/cs\/wp-json\/wp\/v2\/pages\/20054\/revisions"}],"predecessor-version":[{"id":45739,"href":"https:\/\/goldenwavesupport.info\/cs\/wp-json\/wp\/v2\/pages\/20054\/revisions\/45739"}],"wp:attachment":[{"href":"https:\/\/goldenwavesupport.info\/cs\/wp-json\/wp\/v2\/media?parent=20054"}],"curies":[{"name":"wp","href":"https:\/\/api.w.org\/{rel}","templated":true}]}}