{"id":16889,"date":"2023-07-09T11:14:18","date_gmt":"2023-07-09T09:14:18","guid":{"rendered":"https:\/\/cilisupport.com\/pie-de-imprenta\/"},"modified":"2024-10-04T16:47:47","modified_gmt":"2024-10-04T14:47:47","slug":"pie-de-imprenta","status":"publish","type":"page","link":"https:\/\/goldenwavesupport.info\/es\/cilihome\/pie-de-imprenta\/","title":{"rendered":"Pie de imprenta"},"content":{"rendered":"<div class=\"cog-row\">\n<div class=\"cog-col cog-col--24\">\n<div class=\"cog-content cog-html cog-input\">\n<h3><span class=\"ez-toc-section\" id=\"Direccion-de-contacto\"><\/span>Direcci\u00f3n de contacto<span class=\"ez-toc-section-end\"><\/span><\/h3>\n<p>  Golden Wave Int.<br \/>\nIrchelstrasse 24 8172 Niederglatt   <\/p>\n<p align=\"left\"><strong>Correo electr\u00f3nico:<\/strong><a href=\"https:\/\/goldenwavesupport.info\/es\/contacta-con-nosotros\/\">Formulario de contacto<\/a><\/p>\n<h3><span class=\"ez-toc-section\" id=\"Registro-mercantil\"><\/span><span class=\"ff2 fc0 fs10 \">Registro mercantil  <\/span><span class=\"ez-toc-section-end\"><\/span><\/h3>\n<p><span class=\"ff2 fc0 fs10 \">Ola de Oro Int.  <\/span><span class=\"ff2 fc0 fs10 \">est\u00e1 inscrita en el registro mercantil CH-020.1.054.563-2  <\/span><\/p>\n<h3><span class=\"ez-toc-section\" id=\"Responsable-del-contenido\"><\/span><strong>Responsable del contenido:<\/strong><span class=\"ez-toc-section-end\"><\/span><\/h3>\n<p align=\"left\"><strong>Contenido:<\/strong> Ola de Oro Int.<\/p>\n<p align=\"left\"><strong>Dise\u00f1o web:<\/strong> WIBSS Informatik Sulke<\/p>\n<p align=\"left\"><strong>Administrador t\u00e9cnico:<\/strong> WIBSS Informatik Sulke<\/p>\n<p align=\"left\"><strong>Fotograf\u00edas: <\/strong>Fotolia \/ licencia libre \/ Golden Wave Int.<strong><a href=\"https:\/\/www.fotolia.com\/\"><br \/>\n<\/a><\/strong><\/p>\n<p>&nbsp;<\/p>\n<h3><span class=\"ez-toc-section\" id=\"Descargo-de-responsabilidad\"><\/span>Descargo de responsabilidad<span class=\"ez-toc-section-end\"><\/span><\/h3>\n<p>  El autor no asume responsabilidad alguna por la correcci\u00f3n, exactitud, actualidad, fiabilidad e integridad de la informaci\u00f3n proporcionada.<br \/>\nQuedan excluidas las reclamaciones de responsabilidad contra el autor por da\u00f1os de naturaleza material o inmaterial derivados del acceso a la informaci\u00f3n publicada, de su uso o no uso, del mal uso de la conexi\u00f3n o de fallos t\u00e9cnicos.<br \/>\nTodas las ofertas son sin compromiso.<br \/>\nEl autor se reserva expresamente el derecho a modificar, completar o eliminar partes de las p\u00e1ginas o toda la oferta sin previo aviso o a suspender temporal o definitivamente la publicaci\u00f3n.     <\/p>\n<h3><span class=\"ez-toc-section\" id=\"Responsabilidad-de-los-enlaces\"><\/span>Responsabilidad de los enlaces<span class=\"ez-toc-section-end\"><\/span><\/h3>\n<p>  Las referencias y enlaces a sitios web de terceros est\u00e1n fuera de nuestro \u00e1mbito de responsabilidad, por lo que no aceptamos responsabilidad alguna por dichos sitios web.<br \/>\nEl acceso a dichos sitios web y su uso corren por cuenta y riesgo del usuario.   <\/p>\n<h3><span class=\"ez-toc-section\" id=\"Derechos-de-autor\"><\/span>Derechos de autor<span class=\"ez-toc-section-end\"><\/span><\/h3>\n<p>  El copyright y todos los dem\u00e1s derechos sobre el contenido, im\u00e1genes, fotos u otros archivos del sitio web pertenecen exclusivamente <strong>a Golden Wave Int.<\/strong> o a los titulares de los derechos espec\u00edficamente mencionados.<br \/>\nDebe obtenerse previamente el consentimiento por escrito del titular de los derechos de autor para la reproducci\u00f3n de cualquier elemento.   <\/div>\n<\/div>\n<\/div>\n<p>[gzd_complaints]<\/p>\n","protected":false},"excerpt":{"rendered":"<p>Direcci\u00f3n de contacto Golden Wave Int. Irchelstrasse 24 8172 Niederglatt Correo electr\u00f3nico:Formulario de contacto Registro mercantil Ola de Oro Int. est\u00e1 inscrita en el registro mercantil CH-020.1.054.563-2 Responsable del contenido:&hellip; <br \/> <a class=\"button small blue\" href=\"https:\/\/goldenwavesupport.info\/es\/cilihome\/pie-de-imprenta\/\">Seguir leyendo<\/a><\/p>\n","protected":false},"author":393,"featured_media":0,"parent":16901,"menu_order":0,"comment_status":"closed","ping_status":"closed","template":"","meta":{"footnotes":""},"class_list":["post-16889","page","type-page","status-publish","hentry"],"_links":{"self":[{"href":"https:\/\/goldenwavesupport.info\/es\/wp-json\/wp\/v2\/pages\/16889","targetHints":{"allow":["GET"]}}],"collection":[{"href":"https:\/\/goldenwavesupport.info\/es\/wp-json\/wp\/v2\/pages"}],"about":[{"href":"https:\/\/goldenwavesupport.info\/es\/wp-json\/wp\/v2\/types\/page"}],"author":[{"embeddable":true,"href":"https:\/\/goldenwavesupport.info\/es\/wp-json\/wp\/v2\/users\/393"}],"replies":[{"embeddable":true,"href":"https:\/\/goldenwavesupport.info\/es\/wp-json\/wp\/v2\/comments?post=16889"}],"version-history":[{"count":0,"href":"https:\/\/goldenwavesupport.info\/es\/wp-json\/wp\/v2\/pages\/16889\/revisions"}],"up":[{"embeddable":true,"href":"https:\/\/goldenwavesupport.info\/es\/wp-json\/wp\/v2\/pages\/16901"}],"wp:attachment":[{"href":"https:\/\/goldenwavesupport.info\/es\/wp-json\/wp\/v2\/media?parent=16889"}],"curies":[{"name":"wp","href":"https:\/\/api.w.org\/{rel}","templated":true}]}}