{"id":33025,"date":"2023-07-09T11:14:18","date_gmt":"2023-07-09T09:14:18","guid":{"rendered":"https:\/\/cilisupport.com\/cilihome\/jaelki\/"},"modified":"2025-01-16T12:02:25","modified_gmt":"2025-01-16T11:02:25","slug":"jaelki","status":"publish","type":"page","link":"https:\/\/goldenwavesupport.info\/fi\/cilihome\/jaelki\/","title":{"rendered":"J\u00e4lki"},"content":{"rendered":"<div class=\"cog-row\">\n<div class=\"cog-col cog-col--24\">\n<div class=\"cog-content cog-html cog-input\">\n<h3><span class=\"ez-toc-section\" id=\"Yhteysosoite\"><\/span>Yhteysosoite<span class=\"ez-toc-section-end\"><\/span><\/h3>\n<p>Golden Wave Int. Irchelstrasse 24 8172 Niederglatt<\/p>\n<p align=\"left\"><strong>s\u00e4hk\u00f6posti:<\/strong><br \/>\n<a href=\"https:\/\/goldenwavesupport.info\/kontakt\/\">Yhteydenottolomake<\/a><\/p>\n<h3><span class=\"ez-toc-section\" id=\"Kaupparekisteri\"><\/span><span class=\"ff2 fc0 fs10 \">Kaupparekisteri<br \/>\n<\/span><span class=\"ez-toc-section-end\"><\/span><\/h3>\n<p><span class=\"ff2 fc0 fs10 \">Golden Wave Int. <\/span><span class=\"ff2 fc0 fs10 \"><br \/>\non rekister\u00f6ity kaupparekisteriin CH-020.1.054.563-2.<br \/>\n<\/span><\/p>\n<h3><span class=\"ez-toc-section\" id=\"Vastaa-sisallosta\"><\/span><strong>Vastaa sis\u00e4ll\u00f6st\u00e4:<\/strong><span class=\"ez-toc-section-end\"><\/span><\/h3>\n<p align=\"left\">S<strong>is\u00e4lt\u00f6:<\/strong> Golden Wave Int.<\/p>\n<p align=\"left\">V<strong>erkkosuunnittelu:<\/strong> WIBSS Informatik Sulke<\/p>\n<p align=\"left\">T<strong>ekninen yll\u00e4pit\u00e4j\u00e4:<\/strong> WIBSS Informatik Sulke<\/p>\n<p align=\"left\"><strong><br \/>\nValokuvat:<\/strong>Fotolia \/ vapaa lisenssi \/ Golden Wave Int.<strong><a href=\"https:\/\/www.fotolia.com\/\"><br \/>\n<\/a><\/strong><\/p>\n<p>&nbsp;<\/p>\n<h3><span class=\"ez-toc-section\" id=\"Vastuuvapauslauseke\"><\/span>Vastuuvapauslauseke<span class=\"ez-toc-section-end\"><\/span><\/h3>\n<p>Kirjoittaja ei vastaa tietojen oikeellisuudesta, tarkkuudesta, ajantasaisuudesta, luotettavuudesta ja t\u00e4ydellisyydest\u00e4. Tekij\u00e4\u00e4n kohdistuvat korvausvaatimukset aineellisista tai aineettomista vahingoista, jotka johtuvat julkaistuihin tietoihin tutustumisesta, niiden k\u00e4yt\u00f6st\u00e4 tai k\u00e4ytt\u00e4m\u00e4tt\u00e4 j\u00e4tt\u00e4misest\u00e4, yhteyden v\u00e4\u00e4rink\u00e4yt\u00f6st\u00e4 tai teknisist\u00e4 vioista, on suljettu pois. Kaikki tarjoukset ovat sitomattomia. Tekij\u00e4 pid\u00e4tt\u00e4\u00e4 nimenomaisesti oikeuden muuttaa, t\u00e4ydent\u00e4\u00e4 tai poistaa osia sivuista tai koko tarjouksen ilman ennakkoilmoitusta tai lopettaa julkaisemisen v\u00e4liaikaisesti tai pysyv\u00e4sti.<\/p>\n<h3><span class=\"ez-toc-section\" id=\"Linkkien-vastuu\"><\/span>Linkkien vastuu<span class=\"ez-toc-section-end\"><\/span><\/h3>\n<p>Viittaukset ja linkit kolmansien osapuolten verkkosivustoille eiv\u00e4t kuulu vastuualueeseemme, emmek\u00e4 ota vastuuta t\u00e4llaisista verkkosivustoista. P\u00e4\u00e4sy t\u00e4llaisille verkkosivustoille ja niiden k\u00e4ytt\u00f6 tapahtuu k\u00e4ytt\u00e4j\u00e4n omalla vastuulla.<\/p>\n<h3><span class=\"ez-toc-section\" id=\"Tekijanoikeudet\"><\/span>Tekij\u00e4noikeudet<span class=\"ez-toc-section-end\"><\/span><\/h3>\n<p>Tekij\u00e4noikeudet ja kaikki muut oikeudet verkkosivuston sis\u00e4lt\u00f6\u00f6n, kuviin, valokuviin tai muihin tiedostoihin kuuluvat yksinomaan <strong>Golden Wave Int:lle<\/strong> tai erikseen nimetyille oikeudenhaltijoille. Kaikkien elementtien j\u00e4ljent\u00e4miseen on saatava etuk\u00e4teen tekij\u00e4noikeuden haltijan kirjallinen suostumus.<\/p>\n<\/div>\n<\/div>\n<\/div>\n<p>[gzd_complaints]<\/p>\n","protected":false},"excerpt":{"rendered":"<p>Yhteysosoite Golden Wave Int. Irchelstrasse 24 8172 Niederglatt s\u00e4hk\u00f6posti: Yhteydenottolomake Kaupparekisteri Golden Wave Int. on rekister\u00f6ity kaupparekisteriin CH-020.1.054.563-2. Vastaa sis\u00e4ll\u00f6st\u00e4: Sis\u00e4lt\u00f6: Golden Wave Int. Verkkosuunnittelu: WIBSS Informatik Sulke Tekninen yll\u00e4pit\u00e4j\u00e4:&hellip; <br \/> <a class=\"button small blue\" href=\"https:\/\/goldenwavesupport.info\/fi\/cilihome\/jaelki\/\">Lue lis\u00e4\u00e4<\/a><\/p>\n","protected":false},"author":393,"featured_media":0,"parent":33017,"menu_order":0,"comment_status":"closed","ping_status":"closed","template":"","meta":{"footnotes":""},"class_list":["post-33025","page","type-page","status-publish","hentry"],"_links":{"self":[{"href":"https:\/\/goldenwavesupport.info\/fi\/wp-json\/wp\/v2\/pages\/33025","targetHints":{"allow":["GET"]}}],"collection":[{"href":"https:\/\/goldenwavesupport.info\/fi\/wp-json\/wp\/v2\/pages"}],"about":[{"href":"https:\/\/goldenwavesupport.info\/fi\/wp-json\/wp\/v2\/types\/page"}],"author":[{"embeddable":true,"href":"https:\/\/goldenwavesupport.info\/fi\/wp-json\/wp\/v2\/users\/393"}],"replies":[{"embeddable":true,"href":"https:\/\/goldenwavesupport.info\/fi\/wp-json\/wp\/v2\/comments?post=33025"}],"version-history":[{"count":0,"href":"https:\/\/goldenwavesupport.info\/fi\/wp-json\/wp\/v2\/pages\/33025\/revisions"}],"up":[{"embeddable":true,"href":"https:\/\/goldenwavesupport.info\/fi\/wp-json\/wp\/v2\/pages\/33017"}],"wp:attachment":[{"href":"https:\/\/goldenwavesupport.info\/fi\/wp-json\/wp\/v2\/media?parent=33025"}],"curies":[{"name":"wp","href":"https:\/\/api.w.org\/{rel}","templated":true}]}}