{"id":14412,"date":"2023-06-04T12:43:03","date_gmt":"2023-06-04T10:43:03","guid":{"rendered":"https:\/\/cilisupport.com\/sinscrire\/"},"modified":"2026-01-02T16:32:17","modified_gmt":"2026-01-02T15:32:17","slug":"login","status":"publish","type":"page","link":"https:\/\/goldenwavesupport.info\/fr\/login\/","title":{"rendered":"S&#8217;inscrire"},"content":{"rendered":"<div  data-label=\"Registrierung\" data-id=\"about-image-section-pro\" data-category=\"about\" class=\"about-image-section-pro\" id=\"registrierung\" style=\"background-color: rgb(255, 255, 255);\"> <div  class=\"gridContainer\"> <div  class=\"row about-image-gridcol-pro\"> <div  class=\"about-image-textcol-pro\" data-type=\"column\"> <h2  class=\"\">  S\u2019inscrire  <\/h2>  <p  class=\"\">Veuillez d\u2019abord regarder la vid\u00e9o avant de vous inscrire<\/p><div  data-editable=\"true\" data-name=\"ope-widgets-area\" data-content-shortcode=\"ope_display_widgets_area id=&quot;ope_pro_users_custom_widgets_area_8&quot; \" ope_pro_users_custom_widgets_area_8\"=\"\" \"=\"\" class=\"\"><div data-name=\"ope-widgets-area\"><div id=\"block-50\" class=\"widget widget_block\"><div style=\"max-width:640px;margin:0 auto;\">\n<div style=\"position:relative;padding-bottom:56.25%;height:0;overflow:hidden;\">\n    <iframe \n      src=\"https:\/\/player.vimeo.com\/video\/1055657576\"\n      style=\"position:absolute;top:0;left:0;width:100%;height:100%;\"\n      frameborder=\"0\"\n      allow=\"autoplay; fullscreen; picture-in-picture\"\n      allowfullscreen><br \/>\n    <\/iframe>\n  <\/div>\n<\/div>\n<\/div><\/div><\/div><p  class=\"\"><\/p><p  class=\"\"> Si vous n\u2019avez pas encore de nom d\u2019utilisateur, veuillez d\u2019abord vous inscrire (cliquez sur le bouton S\u2019inscrire). Le nom d\u2019utilisateur est choisi librement par vous et n\u2019a rien \u00e0 voir avec votre identifiant Cili.<\/p><a  class=\"button big color2\" href=\"https:\/\/goldenwavesupport.info\/fr\/sinscrire\/\" target=\"lightbox\" data-icon=\"\">NOUVELLE INSCRIPTION<\/a><\/div> <div  data-type=\"column\" class=\"\">  <\/div> <\/div> <\/div> <\/div><div  id=\"login\" class=\"contact-section-formsection white-text contact-section\" style=\"background-color: rgba(255, 255, 255, 0); background-size: cover; background-position: center top; background-image: none;\" data-label=\"login\" data-id=\"contact-section\" data-category=\"contact\" data-bg=\"transparent\" data-ovid=\"ovid-contact-4-143\">\n<div  class=\"gridContainer\">\n<div  class=\"row_224\">\n<div  class=\"contact-textrow\">\n<div  class=\"contact-textcol dynamic-color\">\n<h2 ><span  class=\"ez-toc-section\" id=\"Anmelden\" ez-toc-data-id=\"#Anmelden\"><\/span><span  style=\"color: rgb(51, 51, 51); font-weight: 300;\">S\u2019inscrire<\/span><span  class=\"ez-toc-section-end\"><\/span><\/h2>\n<p  class=\"white_text\"><span  style=\"font-weight: 600; color: rgb(51, 51, 51);\">Si tu es d\u00e9j\u00e0 inscrit, tu peux te connecter ici<\/span><\/p>\n\n<\/div>\n<\/div>\n<\/div>\n<div  class=\"contact-formcol\" data-content-shortcode=\"one_page_express_contact_form shortcode=&quot;ultimatemember form_id=&amp;amp;quot;6&amp;amp;quot;&quot;\" ultimatemember=\"\" form_id=\"&amp;quot;6&amp;quot;&quot;&quot;\" data-editable=\"true\">\n<div class=\"um um-login um-6\">\n\t<div class=\"um-form\">\n\t\t<form method=\"post\" action=\"\" autocomplete=\"off\">\n\t\t\t<div class=\"um-row _um_row_1 \" style=\"padding: 0px 0px 0px 0px;margin: 0px 0px 30px 0px;border-width: 0px 0px 0px 0px;border-style: solid;border-radius: 0px;\"><div class=\"um-col-1\"><div  id=\"um_field_6_username\" class=\"um-field um-field-text  um-field-username um-field-text um-field-type_text\" data-key=\"username\"><div class=\"um-field-label\"><label for=\"username-6\">Identifiant ou e-mail<span class=\"um-req\" title=\"Obligatoire\">*<\/span><\/label><div class=\"um-clear\"><\/div><\/div><div class=\"um-field-area\"><input  autocomplete=\"off\" class=\"um-form-field valid \" type=\"text\" name=\"username-6\" id=\"username-6\" value=\"\" placeholder=\"\" data-validate=\"\" data-key=\"username\"  aria-invalid=\"false\" \/>\n\n\t\t\t\t\t\t<\/div><\/div><div  id=\"um_field_6_user_password\" class=\"um-field um-field-password  um-field-user_password um-field-password um-field-type_password\" data-key=\"user_password\"><div class=\"um-field-label\"><label for=\"user_password-6\">Mot de passe<span class=\"um-req\" title=\"Obligatoire\">*<\/span><\/label><div class=\"um-clear\"><\/div><\/div><div class=\"um-field-area\"><div class=\"um-field-area-password\">\n\t\t\t\t\t\t\t\t\t<input class=\"um-form-field valid \" type=\"password\" name=\"user_password-6\" id=\"user_password-6\" value=\"\" placeholder=\"\" data-validate=\"\" data-key=\"user_password\"  aria-invalid=\"false\" \/>\n\t\t\t\t\t\t\t\t\t<span class=\"um-toggle-password\"><i class=\"um-icon-eye\"><\/i><\/span>\n\t\t\t\t\t\t\t\t<\/div>\n\t\t\t\t\t\t\t<\/div><\/div><\/div><\/div>\t<input type=\"hidden\" name=\"form_id\" id=\"form_id_6\" value=\"6\" \/>\n\t\t<p class=\"um_request_name\">\n\t\t<label for=\"um_request_6\">Only fill in if you are not human<\/label>\n\t\t<input type=\"hidden\" name=\"um_request\" id=\"um_request_6\" class=\"input\" value=\"\" size=\"25\" autocomplete=\"off\" \/>\n\t<\/p>\n\t<input type=\"hidden\" id=\"_wpnonce\" name=\"_wpnonce\" value=\"bc8055a1cc\" \/><input type=\"hidden\" name=\"_wp_http_referer\" value=\"\/fr\/wp-json\/wp\/v2\/pages\/14412\" \/>\n\t<div class=\"um-col-alt\">\n\n\t\t\n\t\t\t<div class=\"um-center\">\n\t\t\t\t<input type=\"submit\" value=\"Connexion\" class=\"um-button\" id=\"um-submit-btn\" \/>\n\t\t\t<\/div>\n\n\t\t\n\t\t<div class=\"um-clear\"><\/div>\n\n\t<\/div>\n\n\t\n\t<div class=\"um-col-alt-b\">\n\t\t<a href=\"https:\/\/goldenwavesupport.info\/fr\/reinitialiser-le-mot-de-passe\/\" class=\"um-link-alt\">\n\t\t\tMot de passe oubli\u00e9\u00a0?\t\t<\/a>\n\t<\/div>\n\n\t\t\t<\/form>\n\t<\/div>\n<\/div>\n<style>\n\t\t\t.um-6.um {\n\t\t\tmax-width: 450px;\n\t\t}\n\t\t<\/style>\n<\/div>\n<\/div>\n<\/div><div  data-label=\"error\" data-id=\"about-image-section-pro-1\" data-category=\"about\" class=\"about-image-section-pro about-image-section-pro-1\" id=\"error\" style=\"background-color: #f6f6f6; background-image: none;\" data-ovid=\"ovid-error-356\">\n<div  class=\"gridContainer\">\n<div  class=\"row about-image-gridcol-pro\">\n<div  class=\"about-image-textcol-pro\" data-type=\"column\">\n<h2  class=\"\"><span  class=\"ez-toc-section\" id=\"Moegliche-Fehler-bei-der-Anmeldung\" ez-toc-data-id=\"#Moegliche-Fehler-bei-der-Anmeldung\"><\/span><span  style=\"font-size: 24px;\">Erreurs possibles lors de l\u2019inscription :<\/span><span  class=\"ez-toc-section-end\"><\/span><\/h2>\n<ul  class=\"\">\n \t<li  style=\"text-align: left;\">Une erreur s\u2019est produite. Il est possible que la page ait \u00e9t\u00e9 mise en cache. Merci de r\u00e9essayer. \u2013 Si tu obtiens cette erreur, recharge la page et essaie \u00e0 nouveau.   <\/li>\n \t<li  style=\"text-align: left;\">Si tu fais trop d\u2019erreurs de connexion, ton adresse IP sera bloqu\u00e9e pendant 60 minutes. Note donc ton nom d\u2019utilisateur et ton mot de passe et mets-les en lieu s\u00fbr. <\/li>\n \t<li  style=\"text-align: left;\">Tu as saisi un mauvais mot de passe, essaie \u00e0 nouveau avec le bon mot de passe, sinon tu peux le r\u00e9initialiser toi-m\u00eame.<\/li>\n \t<li  style=\"text-align: left;\">Tu as indiqu\u00e9 un mauvais nom d\u2019utilisateur, essaie \u00e0 nouveau avec le bon nom d\u2019utilisateur.\nTu ne te souviens pas de ton nom d\u2019utilisateur \u2013 remplis le <a  href=\"https:\/\/goldenwavesupport.info\/fr\/contact\/\">formulaire de contact<\/a>. <\/li>\n<\/ul>\n<\/div>\n<div  data-type=\"column\" class=\"\"><\/div>\n<\/div>\n<\/div>\n<\/div>","protected":false},"excerpt":{"rendered":"<p>S\u2019inscrire Veuillez d\u2019abord regarder la vid\u00e9o avant de vous inscrire Si vous n\u2019avez pas encore de nom d\u2019utilisateur, veuillez d\u2019abord vous inscrire (cliquez sur le bouton S\u2019inscrire). Le nom d\u2019utilisateur&hellip; <br \/> <a class=\"button small blue\" href=\"https:\/\/goldenwavesupport.info\/fr\/2024\/09\/28\/cili-erhebt-mwst-auf-versand-und-bearbeitungsgebuehren\/\">En savoir plus<\/a><\/p>\n","protected":false},"author":393,"featured_media":0,"parent":0,"menu_order":0,"comment_status":"closed","ping_status":"closed","template":"full-width-page.php","meta":{"footnotes":""},"class_list":["post-14412","page","type-page","status-publish","hentry"],"_links":{"self":[{"href":"https:\/\/goldenwavesupport.info\/fr\/wp-json\/wp\/v2\/pages\/14412","targetHints":{"allow":["GET"]}}],"collection":[{"href":"https:\/\/goldenwavesupport.info\/fr\/wp-json\/wp\/v2\/pages"}],"about":[{"href":"https:\/\/goldenwavesupport.info\/fr\/wp-json\/wp\/v2\/types\/page"}],"author":[{"embeddable":true,"href":"https:\/\/goldenwavesupport.info\/fr\/wp-json\/wp\/v2\/users\/393"}],"replies":[{"embeddable":true,"href":"https:\/\/goldenwavesupport.info\/fr\/wp-json\/wp\/v2\/comments?post=14412"}],"version-history":[{"count":2,"href":"https:\/\/goldenwavesupport.info\/fr\/wp-json\/wp\/v2\/pages\/14412\/revisions"}],"predecessor-version":[{"id":45751,"href":"https:\/\/goldenwavesupport.info\/fr\/wp-json\/wp\/v2\/pages\/14412\/revisions\/45751"}],"wp:attachment":[{"href":"https:\/\/goldenwavesupport.info\/fr\/wp-json\/wp\/v2\/media?parent=14412"}],"curies":[{"name":"wp","href":"https:\/\/api.w.org\/{rel}","templated":true}]}}