{"id":20690,"date":"2023-07-09T11:14:18","date_gmt":"2023-07-09T09:14:18","guid":{"rendered":"https:\/\/cilisupport.com\/cilihomes\/otisak\/"},"modified":"2024-11-09T09:29:12","modified_gmt":"2024-11-09T08:29:12","slug":"otisak","status":"publish","type":"page","link":"https:\/\/goldenwavesupport.info\/hr\/cilihome\/otisak\/","title":{"rendered":"otisak"},"content":{"rendered":"<div class=\"cog-row\">\n<div class=\"cog-col cog-col--24\">\n<div class=\"cog-content cog-html cog-input\">\n<h3><span class=\"ez-toc-section\" id=\"Kontakt-adresa\"><\/span>Kontakt adresa<span class=\"ez-toc-section-end\"><\/span><\/h3>\n<p>Golden Wave International Irchelstrasse 24 8172 Niederglatt<\/p>\n<p align=\"left\"><strong>E-mail:<\/strong><br \/>\n<a href=\"https:\/\/goldenwavesupport.info\/hr\/kontakt\/\">Kontakt obrazac<\/a><\/p>\n<h3><span class=\"ez-toc-section\" id=\"Trgovacki-registar\"><\/span><span class=\"ff2 fc0 fs10 \">Trgova\u010dki registar<br \/>\n<\/span><span class=\"ez-toc-section-end\"><\/span><\/h3>\n<p><span class=\"ff2 fc0 fs10 \">Golden Wave International<\/span> <span class=\"ff2 fc0 fs10 \">je upisano u trgova\u010dki registar<\/span><br \/>\n<span class=\"ff2 fc0 fs10 \">CH-020.1.054.563-2<\/span><\/p>\n<h3><span class=\"ez-toc-section\" id=\"Za-sadrzaj-odgovoran\"><\/span><strong>Za sadr\u017eaj odgovoran:<\/strong><span class=\"ez-toc-section-end\"><\/span><\/h3>\n<p align=\"left\"><strong>Sadr\u017eaj:<\/strong><br \/>\nGolden Wave International<\/p>\n<p align=\"left\"><strong>Web dizajn:<\/strong><br \/>\nWIBSS Informatik Sulke<\/p>\n<p align=\"left\"><strong>Tehni\u010dki administrator:<\/strong><br \/>\nWIBSS Informatik Sulke<\/p>\n<p align=\"left\"><strong>Fotografije:<\/strong><br \/>\nFotolia \/ besplatna licenca \/ Golden Wave Int.<strong><a href=\"https:\/\/www.fotolia.com\/\"><br \/>\n<\/a><\/strong><\/p>\n<p>&nbsp;<\/p>\n<h3><span class=\"ez-toc-section\" id=\"Odricanje\"><\/span>Odricanje<span class=\"ez-toc-section-end\"><\/span><\/h3>\n<p>Autor ne preuzima nikakvu odgovornost za to\u010dnost, to\u010dnost, pravovremenost, pouzdanost i potpunost podataka. Isklju\u010deni su jamstveni zahtjevi protiv autora za materijalnu ili nematerijalnu \u0161tetu nastalu pristupom, kori\u0161tenjem ili nekori\u0161tenjem objavljenih informacija, zlouporabom veze ili tehni\u010dkim kvarovima. Sve ponude su neobvezuju\u0107e. Autor izri\u010dito zadr\u017eava pravo izmjene, dopune ili brisanja dijelova stranica ili cijele ponude bez posebne najave ili privremenog ili trajnog prekida objavljivanja.<\/p>\n<h3><span class=\"ez-toc-section\" id=\"Odgovornost-za-linkove\"><\/span>Odgovornost za linkove<span class=\"ez-toc-section-end\"><\/span><\/h3>\n<p>Reference i veze na web stranice tre\u0107ih strana su izvan na\u0161eg podru\u010dja odgovornosti. Odbijamo bilo kakvu odgovornost za takve web stranice. Pristup i kori\u0161tenje takvih web stranica je na vlastitu odgovornost korisnika.<\/p>\n<h3><span class=\"ez-toc-section\" id=\"Autorska-prava\"><\/span>Autorska prava<span class=\"ez-toc-section-end\"><\/span><\/h3>\n<p>Autorska i sva druga prava na sadr\u017eaj, slike, fotografije ili druge datoteke na web stranici pripadaju isklju\u010divo <strong>Golden Wave Int.<\/strong> ili posebno imenovani nositelji prava. Za reprodukciju bilo kojeg elementa mora se unaprijed dobiti pisani pristanak nositelja autorskog prava.<\/p>\n<\/div>\n<\/div>\n<\/div>\n<p>[gzd_complaints]<\/p>\n","protected":false},"excerpt":{"rendered":"<p>Kontakt adresa Golden Wave International Irchelstrasse 24 8172 Niederglatt E-mail: Kontakt obrazac Trgova\u010dki registar Golden Wave International je upisano u trgova\u010dki registar CH-020.1.054.563-2 Za sadr\u017eaj odgovoran: Sadr\u017eaj: Golden Wave International&hellip; <br \/> <a class=\"button small blue\" href=\"https:\/\/goldenwavesupport.info\/hr\/cilihome\/otisak\/\">Pro\u010ditaj vi\u0161e<\/a><\/p>\n","protected":false},"author":393,"featured_media":0,"parent":20684,"menu_order":0,"comment_status":"closed","ping_status":"closed","template":"","meta":{"footnotes":""},"class_list":["post-20690","page","type-page","status-publish","hentry"],"_links":{"self":[{"href":"https:\/\/goldenwavesupport.info\/hr\/wp-json\/wp\/v2\/pages\/20690","targetHints":{"allow":["GET"]}}],"collection":[{"href":"https:\/\/goldenwavesupport.info\/hr\/wp-json\/wp\/v2\/pages"}],"about":[{"href":"https:\/\/goldenwavesupport.info\/hr\/wp-json\/wp\/v2\/types\/page"}],"author":[{"embeddable":true,"href":"https:\/\/goldenwavesupport.info\/hr\/wp-json\/wp\/v2\/users\/393"}],"replies":[{"embeddable":true,"href":"https:\/\/goldenwavesupport.info\/hr\/wp-json\/wp\/v2\/comments?post=20690"}],"version-history":[{"count":0,"href":"https:\/\/goldenwavesupport.info\/hr\/wp-json\/wp\/v2\/pages\/20690\/revisions"}],"up":[{"embeddable":true,"href":"https:\/\/goldenwavesupport.info\/hr\/wp-json\/wp\/v2\/pages\/20684"}],"wp:attachment":[{"href":"https:\/\/goldenwavesupport.info\/hr\/wp-json\/wp\/v2\/media?parent=20690"}],"curies":[{"name":"wp","href":"https:\/\/api.w.org\/{rel}","templated":true}]}}