{"id":21868,"date":"2023-06-04T12:43:03","date_gmt":"2023-06-04T10:43:03","guid":{"rendered":"https:\/\/cilisupport.com\/zaloguj-sie\/"},"modified":"2026-01-02T16:35:08","modified_gmt":"2026-01-02T15:35:08","slug":"login","status":"publish","type":"page","link":"https:\/\/goldenwavesupport.info\/pl\/login\/","title":{"rendered":"Zaloguj si\u0119"},"content":{"rendered":"<div  data-label=\"Registrierung\" data-id=\"about-image-section-pro\" data-category=\"about\" class=\"about-image-section-pro\" id=\"registrierung\" style=\"background-color: rgb(255, 255, 255);\"> <div  class=\"gridContainer\"> <div  class=\"row about-image-gridcol-pro\"> <div  class=\"about-image-textcol-pro\" data-type=\"column\"> <h2  class=\"\"> Zarejestruj si\u0119 <\/h2>  <p  class=\"\">Obejrzyj najpierw film, zanim si\u0119 zarejestrujesz<\/p><div  data-editable=\"true\" data-name=\"ope-widgets-area\" data-content-shortcode=\"ope_display_widgets_area id=&quot;ope_pro_users_custom_widgets_area_8&quot; \" ope_pro_users_custom_widgets_area_8\"=\"\" \"=\"\" class=\"\"><div data-name=\"ope-widgets-area\"><div id=\"block-50\" class=\"widget widget_block\"><div style=\"max-width:640px;margin:0 auto;\">\n<div style=\"position:relative;padding-bottom:56.25%;height:0;overflow:hidden;\">\n    <iframe \n      src=\"https:\/\/player.vimeo.com\/video\/1055657997\"\n      style=\"position:absolute;top:0;left:0;width:100%;height:100%;\"\n      frameborder=\"0\"\n      allow=\"autoplay; fullscreen; picture-in-picture\"\n      allowfullscreen><br \/>\n    <\/iframe>\n  <\/div>\n<\/div>\n<\/div><\/div><\/div><p  class=\"\"><\/p><p  class=\"\"> Je\u015bli nie masz jeszcze nazwy u\u017cytkownika, zarejestruj si\u0119 najpierw (kliknij przycisk Zarejestruj si\u0119). Nazwa u\u017cytkownika jest wybierana przez Ciebie i nie ma nic wsp\u00f3lnego z Twoim identyfikatorem Cili.<\/p><a  class=\"button big color2\" href=\"https:\/\/goldenwavesupport.info\/pl\/rejestr\/\" target=\"lightbox\" data-icon=\"\">ZAREJESTRUJ SI\u0118<\/a><\/div> <div  data-type=\"column\" class=\"\">  <\/div> <\/div> <\/div> <\/div><div  id=\"login\" class=\"contact-section-formsection white-text contact-section\" style=\"background-color: rgba(255, 255, 255, 0); background-size: cover; background-position: center top; background-image: none;\" data-label=\"login\" data-id=\"contact-section\" data-category=\"contact\" data-bg=\"transparent\" data-ovid=\"ovid-contact-4-143\">\n<div  class=\"gridContainer\">\n<div  class=\"row_224\">\n<div  class=\"contact-textrow\">\n<div  class=\"contact-textcol dynamic-color\">\n<h2 ><span  class=\"ez-toc-section\" id=\"Anmelden\" ez-toc-data-id=\"#Anmelden\"><\/span><span  style=\"color: rgb(51, 51, 51); font-weight: 300;\">Zaloguj si\u0119<\/span><span  class=\"ez-toc-section-end\"><\/span><\/h2>\n<p  class=\"white_text\"><span  style=\"font-weight: 600; color: rgb(51, 51, 51);\">Je\u015bli jeste\u015b ju\u017c zarejestrowany, mo\u017cesz zalogowa\u0107 si\u0119 tutaj<\/span><\/p>\n\n<\/div>\n<\/div>\n<\/div>\n<div  class=\"contact-formcol\" data-content-shortcode=\"one_page_express_contact_form shortcode=&quot;ultimatemember form_id=&amp;amp;quot;6&amp;amp;quot;&quot;\" ultimatemember=\"\" form_id=\"&amp;quot;6&amp;quot;&quot;&quot;\" data-editable=\"true\">\n<div class=\"um um-login um-6\">\n\t<div class=\"um-form\">\n\t\t<form method=\"post\" action=\"\" autocomplete=\"off\">\n\t\t\t<div class=\"um-row _um_row_1 \" style=\"padding: 0px 0px 0px 0px;margin: 0px 0px 30px 0px;border-width: 0px 0px 0px 0px;border-style: solid;border-radius: 0px;\"><div class=\"um-col-1\"><div  id=\"um_field_6_username\" class=\"um-field um-field-text  um-field-username um-field-text um-field-type_text\" data-key=\"username\"><div class=\"um-field-label\"><label for=\"username-6\">Username or E-mail<span class=\"um-req\" title=\"Wymagane\">*<\/span><\/label><div class=\"um-clear\"><\/div><\/div><div class=\"um-field-area\"><input  autocomplete=\"off\" class=\"um-form-field valid \" type=\"text\" name=\"username-6\" id=\"username-6\" value=\"\" placeholder=\"\" data-validate=\"\" data-key=\"username\"  aria-invalid=\"false\" \/>\n\n\t\t\t\t\t\t<\/div><\/div><div  id=\"um_field_6_user_password\" class=\"um-field um-field-password  um-field-user_password um-field-password um-field-type_password\" data-key=\"user_password\"><div class=\"um-field-label\"><label for=\"user_password-6\">Has\u0142o<span class=\"um-req\" title=\"Wymagane\">*<\/span><\/label><div class=\"um-clear\"><\/div><\/div><div class=\"um-field-area\"><div class=\"um-field-area-password\">\n\t\t\t\t\t\t\t\t\t<input class=\"um-form-field valid \" type=\"password\" name=\"user_password-6\" id=\"user_password-6\" value=\"\" placeholder=\"\" data-validate=\"\" data-key=\"user_password\"  aria-invalid=\"false\" \/>\n\t\t\t\t\t\t\t\t\t<span class=\"um-toggle-password\"><i class=\"um-icon-eye\"><\/i><\/span>\n\t\t\t\t\t\t\t\t<\/div>\n\t\t\t\t\t\t\t<\/div><\/div><\/div><\/div>\t<input type=\"hidden\" name=\"form_id\" id=\"form_id_6\" value=\"6\" \/>\n\t\t<p class=\"um_request_name\">\n\t\t<label for=\"um_request_6\">Only fill in if you are not human<\/label>\n\t\t<input type=\"hidden\" name=\"um_request\" id=\"um_request_6\" class=\"input\" value=\"\" size=\"25\" autocomplete=\"off\" \/>\n\t<\/p>\n\t<input type=\"hidden\" id=\"_wpnonce\" name=\"_wpnonce\" value=\"ca36f22c30\" \/><input type=\"hidden\" name=\"_wp_http_referer\" value=\"\/pl\/wp-json\/wp\/v2\/pages\/21868\" \/>\n\t<div class=\"um-col-alt\">\n\n\t\t\n\t\t\t<div class=\"um-center\">\n\t\t\t\t<input type=\"submit\" value=\"Logowanie\" class=\"um-button\" id=\"um-submit-btn\" \/>\n\t\t\t<\/div>\n\n\t\t\n\t\t<div class=\"um-clear\"><\/div>\n\n\t<\/div>\n\n\t\n\t<div class=\"um-col-alt-b\">\n\t\t<a href=\"https:\/\/goldenwavesupport.info\/pl\/zresetuj-haslo\/\" class=\"um-link-alt\">\n\t\t\tNie pami\u0119tasz swojego has\u0142a?\t\t<\/a>\n\t<\/div>\n\n\t\t\t<\/form>\n\t<\/div>\n<\/div>\n<style>\n\t\t\t.um-6.um {\n\t\t\tmax-width: 450px;\n\t\t}\n\t\t<\/style>\n<\/div>\n<\/div>\n<\/div><div  data-label=\"error\" data-id=\"about-image-section-pro-1\" data-category=\"about\" class=\"about-image-section-pro about-image-section-pro-1\" id=\"error\" style=\"background-color: #f6f6f6; background-image: none;\" data-ovid=\"ovid-error-356\">\n<div  class=\"gridContainer\">\n<div  class=\"row about-image-gridcol-pro\">\n<div  class=\"about-image-textcol-pro\" data-type=\"column\">\n<h2  class=\"\"><span  class=\"ez-toc-section\" id=\"Moegliche-Fehler-bei-der-Anmeldung\" ez-toc-data-id=\"#Moegliche-Fehler-bei-der-Anmeldung\"><\/span><span  style=\"font-size: 24px;\">Mo\u017cliwe b\u0142\u0119dy podczas rejestracji:<\/span><span  class=\"ez-toc-section-end\"><\/span><\/h2>\n<ul  class=\"\">\n \t<li  style=\"text-align: left;\">Wyst\u0105pi\u0142 b\u0142\u0105d. Strona mog\u0142a zosta\u0107 zapisana w pami\u0119ci podr\u0119cznej. Spr\u00f3buj ponownie. \u2013 Je\u015bli pojawi si\u0119 ten b\u0142\u0105d, prze\u0142aduj stron\u0119 i spr\u00f3buj ponownie.   <\/li>\n \t<li  style=\"text-align: left;\">W przypadku zbyt wielu b\u0142\u0119dnych pr\u00f3b logowania, Tw\u00f3j adres IP zostanie zablokowany na 60 minut. Zanotuj wi\u0119c swoj\u0105 nazw\u0119 u\u017cytkownika i has\u0142o i przechowuj je w bezpiecznym miejscu. <\/li>\n \t<li  style=\"text-align: left;\">Wprowadzi\u0142e\u015b nieprawid\u0142owe has\u0142o, spr\u00f3buj ponownie z poprawnym has\u0142em, w przeciwnym razie mo\u017cesz je zresetowa\u0107 samodzielnie.<\/li>\n \t<li  style=\"text-align: left;\">Wprowadzi\u0142e\u015b nieprawid\u0142ow\u0105 nazw\u0119 u\u017cytkownika, spr\u00f3buj ponownie z poprawn\u0105 nazw\u0105 u\u017cytkownika. Je\u015bli nie pami\u0119tasz swojej nazwy u\u017cytkownika, wype\u0142nij <a  href=\"https:\/\/goldenwavesupport.info\/pl\/kontakt\/\">formularz kontaktowy<\/a>. <\/li>\n<\/ul>\n<\/div>\n<div  data-type=\"column\" class=\"\"><\/div>\n<\/div>\n<\/div>\n<\/div>","protected":false},"excerpt":{"rendered":"<p>Zarejestruj si\u0119 Obejrzyj najpierw film, zanim si\u0119 zarejestrujesz Je\u015bli nie masz jeszcze nazwy u\u017cytkownika, zarejestruj si\u0119 najpierw (kliknij przycisk Zarejestruj si\u0119). Nazwa u\u017cytkownika jest wybierana przez Ciebie i nie ma&hellip; <br \/> <a class=\"button small blue\" href=\"https:\/\/goldenwavesupport.info\/pl\/2024\/09\/28\/cili-cobra-el-iva-sobre-los-gastos-de-envio\/\">Czytaj wi\u0119cej<\/a><\/p>\n","protected":false},"author":393,"featured_media":0,"parent":0,"menu_order":0,"comment_status":"closed","ping_status":"closed","template":"full-width-page.php","meta":{"footnotes":""},"class_list":["post-21868","page","type-page","status-publish","hentry"],"_links":{"self":[{"href":"https:\/\/goldenwavesupport.info\/pl\/wp-json\/wp\/v2\/pages\/21868","targetHints":{"allow":["GET"]}}],"collection":[{"href":"https:\/\/goldenwavesupport.info\/pl\/wp-json\/wp\/v2\/pages"}],"about":[{"href":"https:\/\/goldenwavesupport.info\/pl\/wp-json\/wp\/v2\/types\/page"}],"author":[{"embeddable":true,"href":"https:\/\/goldenwavesupport.info\/pl\/wp-json\/wp\/v2\/users\/393"}],"replies":[{"embeddable":true,"href":"https:\/\/goldenwavesupport.info\/pl\/wp-json\/wp\/v2\/comments?post=21868"}],"version-history":[{"count":2,"href":"https:\/\/goldenwavesupport.info\/pl\/wp-json\/wp\/v2\/pages\/21868\/revisions"}],"predecessor-version":[{"id":45757,"href":"https:\/\/goldenwavesupport.info\/pl\/wp-json\/wp\/v2\/pages\/21868\/revisions\/45757"}],"wp:attachment":[{"href":"https:\/\/goldenwavesupport.info\/pl\/wp-json\/wp\/v2\/media?parent=21868"}],"curies":[{"name":"wp","href":"https:\/\/api.w.org\/{rel}","templated":true}]}}