{"id":21890,"date":"2023-07-09T11:14:18","date_gmt":"2023-07-09T09:14:18","guid":{"rendered":"https:\/\/cilisupport.com\/cilihome\/nadruk\/"},"modified":"2024-11-22T10:53:02","modified_gmt":"2024-11-22T09:53:02","slug":"nadruk","status":"publish","type":"page","link":"https:\/\/goldenwavesupport.info\/pl\/cilihome\/nadruk\/","title":{"rendered":"Nadruk"},"content":{"rendered":"<div class=\"cog-row\">\n<div class=\"cog-col cog-col--24\">\n<div class=\"cog-content cog-html cog-input\">\n<h3><span class=\"ez-toc-section\" id=\"Adres-kontaktowy\"><\/span>Adres kontaktowy<span class=\"ez-toc-section-end\"><\/span><\/h3>\n<p>Golden Wave Int. Irchelstrasse 24 8172 Niederglatt<\/p>\n<p align=\"left\"><strong>e-mail:<\/strong><br \/>\n<a href=\"https:\/\/goldenwavesupport.info\/pl\/kontakt\/\">Formularz kontaktowy<\/a><\/p>\n<h3><span class=\"ez-toc-section\" id=\"Rejestr-handlowy\"><\/span><span class=\"ff2 fc0 fs10 \">Rejestr handlowy<br \/>\n<\/span><span class=\"ez-toc-section-end\"><\/span><\/h3>\n<p><span class=\"ff2 fc0 fs10 \">Golden Wave Int. <\/span><span class=\"ff2 fc0 fs10 \"><br \/>\njest zarejestrowana w rejestrze handlowym CH-020.1.054.563-2<br \/>\n<\/span><\/p>\n<h3><span class=\"ez-toc-section\" id=\"Odpowiedzialny-za-tresc\"><\/span><strong>Odpowiedzialny za tre\u015b\u0107:<\/strong><span class=\"ez-toc-section-end\"><\/span><\/h3>\n<p align=\"left\">Z<strong>awarto\u015b\u0107:<\/strong> Golden Wave Int.<\/p>\n<p align=\"left\">P<strong>rojekt strony internetowej:<\/strong> WIBSS Informatik Sulke<\/p>\n<p align=\"left\">A<strong>dministrator techniczny:<\/strong> WIBSS Informatik Sulke<\/p>\n<p align=\"left\"><strong><br \/>\nZdj\u0119cia:<\/strong>Fotolia \/ wolna licencja \/ Golden Wave Int.<strong><a href=\"https:\/\/www.fotolia.com\/\"><br \/>\n<\/a><\/strong><\/p>\n<p>&nbsp;<\/p>\n<h3><span class=\"ez-toc-section\" id=\"Zastrzezenie\"><\/span>Zastrze\u017cenie<span class=\"ez-toc-section-end\"><\/span><\/h3>\n<p>Autor nie ponosi odpowiedzialno\u015bci za poprawno\u015b\u0107, dok\u0142adno\u015b\u0107, aktualno\u015b\u0107, wiarygodno\u015b\u0107 i kompletno\u015b\u0107 udost\u0119pnianych informacji. Roszczenia z tytu\u0142u odpowiedzialno\u015bci wobec autora za szkody materialne lub niematerialne wynikaj\u0105ce z dost\u0119pu do opublikowanych informacji, ich wykorzystania lub niewykorzystania, niew\u0142a\u015bciwego po\u0142\u0105czenia lub usterek technicznych s\u0105 wykluczone. Wszystkie oferty s\u0105 niewi\u0105\u017c\u0105ce. Autor wyra\u017anie zastrzega sobie prawo do zmiany, uzupe\u0142nienia lub usuni\u0119cia cz\u0119\u015bci stron lub ca\u0142ej oferty bez uprzedniego powiadomienia lub do tymczasowego lub trwa\u0142ego zaprzestania publikacji.<\/p>\n<h3><span class=\"ez-toc-section\" id=\"Odpowiedzialnosc-za-linki\"><\/span>Odpowiedzialno\u015b\u0107 za linki<span class=\"ez-toc-section-end\"><\/span><\/h3>\n<p>Odniesienia i linki do stron internetowych os\u00f3b trzecich znajduj\u0105 si\u0119 poza zakresem naszej odpowiedzialno\u015bci i nie ponosimy za nie \u017cadnej odpowiedzialno\u015bci. U\u017cytkownik uzyskuje dost\u0119p do takich witryn i korzysta z nich na w\u0142asne ryzyko.<\/p>\n<h3><span class=\"ez-toc-section\" id=\"Prawa-autorskie\"><\/span>Prawa autorskie<span class=\"ez-toc-section-end\"><\/span><\/h3>\n<p>Prawa autorskie i wszelkie inne prawa do tre\u015bci, obraz\u00f3w, zdj\u0119\u0107 lub innych plik\u00f3w na stronie internetowej nale\u017c\u0105 wy\u0142\u0105cznie <strong>do Golden Wave Int.<\/strong> lub konkretnych w\u0142a\u015bcicieli praw. Powielanie jakichkolwiek element\u00f3w wymaga uprzedniej pisemnej zgody w\u0142a\u015bciciela praw autorskich.<\/p>\n<\/div>\n<\/div>\n<\/div>\n<p>[gzd_complaints]<\/p>\n","protected":false},"excerpt":{"rendered":"<p>Adres kontaktowy Golden Wave Int. Irchelstrasse 24 8172 Niederglatt e-mail: Formularz kontaktowy Rejestr handlowy Golden Wave Int. jest zarejestrowana w rejestrze handlowym CH-020.1.054.563-2 Odpowiedzialny za tre\u015b\u0107: Zawarto\u015b\u0107: Golden Wave Int.&hellip; <br \/> <a class=\"button small blue\" href=\"https:\/\/goldenwavesupport.info\/pl\/cilihome\/nadruk\/\">Czytaj wi\u0119cej<\/a><\/p>\n","protected":false},"author":393,"featured_media":0,"parent":21880,"menu_order":0,"comment_status":"closed","ping_status":"closed","template":"","meta":{"footnotes":""},"class_list":["post-21890","page","type-page","status-publish","hentry"],"_links":{"self":[{"href":"https:\/\/goldenwavesupport.info\/pl\/wp-json\/wp\/v2\/pages\/21890","targetHints":{"allow":["GET"]}}],"collection":[{"href":"https:\/\/goldenwavesupport.info\/pl\/wp-json\/wp\/v2\/pages"}],"about":[{"href":"https:\/\/goldenwavesupport.info\/pl\/wp-json\/wp\/v2\/types\/page"}],"author":[{"embeddable":true,"href":"https:\/\/goldenwavesupport.info\/pl\/wp-json\/wp\/v2\/users\/393"}],"replies":[{"embeddable":true,"href":"https:\/\/goldenwavesupport.info\/pl\/wp-json\/wp\/v2\/comments?post=21890"}],"version-history":[{"count":0,"href":"https:\/\/goldenwavesupport.info\/pl\/wp-json\/wp\/v2\/pages\/21890\/revisions"}],"up":[{"embeddable":true,"href":"https:\/\/goldenwavesupport.info\/pl\/wp-json\/wp\/v2\/pages\/21880"}],"wp:attachment":[{"href":"https:\/\/goldenwavesupport.info\/pl\/wp-json\/wp\/v2\/media?parent=21890"}],"curies":[{"name":"wp","href":"https:\/\/api.w.org\/{rel}","templated":true}]}}