{"id":23905,"date":"2023-06-04T12:43:03","date_gmt":"2023-06-04T10:43:03","guid":{"rendered":"https:\/\/cilisupport.com\/conectati-va\/"},"modified":"2026-01-02T16:37:04","modified_gmt":"2026-01-02T15:37:04","slug":"login","status":"publish","type":"page","link":"https:\/\/goldenwavesupport.info\/ro\/login\/","title":{"rendered":"Conecta\u021bi-v\u0103"},"content":{"rendered":"<div  data-label=\"Registrierung\" data-id=\"about-image-section-pro\" data-category=\"about\" class=\"about-image-section-pro\" id=\"registrierung\" style=\"background-color: rgb(255, 255, 255);\"> <div  class=\"gridContainer\"> <div  class=\"row about-image-gridcol-pro\"> <div  class=\"about-image-textcol-pro\" data-type=\"column\"> <h2  class=\"\">  \u00cenregistreaz\u0103-te  <\/h2>  <p  class=\"\">Te rug\u0103m s\u0103 vizionezi mai \u00eent\u00e2i videoclipul \u00eenainte de a te \u00eenregistra<\/p><div  data-editable=\"true\" data-name=\"ope-widgets-area\" data-content-shortcode=\"ope_display_widgets_area id=&quot;ope_pro_users_custom_widgets_area_8&quot; \" ope_pro_users_custom_widgets_area_8\"=\"\" \"=\"\" class=\"\"><div data-name=\"ope-widgets-area\"><div id=\"block-50\" class=\"widget widget_block\"><div style=\"max-width:640px;margin:0 auto;\">\n<div style=\"position:relative;padding-bottom:56.25%;height:0;overflow:hidden;\">\n    <iframe \n      src=\"https:\/\/player.vimeo.com\/video\/1055658271\"\n      style=\"position:absolute;top:0;left:0;width:100%;height:100%;\"\n      frameborder=\"0\"\n      allow=\"autoplay; fullscreen; picture-in-picture\"\n      allowfullscreen><br \/>\n    <\/iframe>\n  <\/div>\n<\/div>\n<\/div><\/div><\/div><p  class=\"\"><\/p><p  class=\"\"> Dac\u0103 nu ai \u00eenc\u0103 un nume de utilizator, te rug\u0103m s\u0103 te \u00eenregistrezi mai \u00eent\u00e2i (d\u0103 clic pe butonul \u00cenregistreaz\u0103-te). Numele de utilizator este ales liber de tine \u0219i nu are nicio leg\u0103tur\u0103 cu ID-ul t\u0103u Cili.<\/p><a  class=\"button big color2\" href=\"https:\/\/goldenwavesupport.info\/ro\/inregistrare\/\" target=\"lightbox\" data-icon=\"\">\u00ceNREGISTRARE NOU\u0102<\/a><\/div> <div  data-type=\"column\" class=\"\">  <\/div> <\/div> <\/div> <\/div><div  id=\"login\" class=\"contact-section-formsection white-text contact-section\" style=\"background-color: rgba(255, 255, 255, 0); background-size: cover; background-position: center top; background-image: none;\" data-label=\"login\" data-id=\"contact-section\" data-category=\"contact\" data-bg=\"transparent\" data-ovid=\"ovid-contact-4-143\">\n<div  class=\"gridContainer\">\n<div  class=\"row_224\">\n<div  class=\"contact-textrow\">\n<div  class=\"contact-textcol dynamic-color\">\n<h2 ><span  class=\"ez-toc-section\" id=\"Anmelden\" ez-toc-data-id=\"#Anmelden\"><\/span><span  style=\"color: rgb(51, 51, 51); font-weight: 300;\">Conecta\u021bi-v\u0103<\/span><span  class=\"ez-toc-section-end\"><\/span><\/h2>\n<p  class=\"white_text\"><span  style=\"font-weight: 600; color: rgb(51, 51, 51);\">Dac\u0103 sunte\u021bi deja \u00eenregistrat, v\u0103 pute\u021bi conecta aici<\/span><\/p>\n\n<\/div>\n<\/div>\n<\/div>\n<div  class=\"contact-formcol\" data-content-shortcode=\"one_page_express_contact_form shortcode=&quot;ultimatemember form_id=&amp;amp;quot;6&amp;amp;quot;&quot;\" ultimatemember=\"\" form_id=\"&amp;quot;6&amp;quot;&quot;&quot;\" data-editable=\"true\">\n<div class=\"um um-login um-6\">\n\t<div class=\"um-form\">\n\t\t<form method=\"post\" action=\"\" autocomplete=\"off\">\n\t\t\t<div class=\"um-row _um_row_1 \" style=\"padding: 0px 0px 0px 0px;margin: 0px 0px 30px 0px;border-width: 0px 0px 0px 0px;border-style: solid;border-radius: 0px;\"><div class=\"um-col-1\"><div  id=\"um_field_6_username\" class=\"um-field um-field-text  um-field-username um-field-text um-field-type_text\" data-key=\"username\"><div class=\"um-field-label\"><label for=\"username-6\">Username or E-mail<span class=\"um-req\" title=\"Required\">*<\/span><\/label><div class=\"um-clear\"><\/div><\/div><div class=\"um-field-area\"><input  autocomplete=\"off\" class=\"um-form-field valid \" type=\"text\" name=\"username-6\" id=\"username-6\" value=\"\" placeholder=\"\" data-validate=\"\" data-key=\"username\"  aria-invalid=\"false\" \/>\n\n\t\t\t\t\t\t<\/div><\/div><div  id=\"um_field_6_user_password\" class=\"um-field um-field-password  um-field-user_password um-field-password um-field-type_password\" data-key=\"user_password\"><div class=\"um-field-label\"><label for=\"user_password-6\">Password<span class=\"um-req\" title=\"Required\">*<\/span><\/label><div class=\"um-clear\"><\/div><\/div><div class=\"um-field-area\"><div class=\"um-field-area-password\">\n\t\t\t\t\t\t\t\t\t<input class=\"um-form-field valid \" type=\"password\" name=\"user_password-6\" id=\"user_password-6\" value=\"\" placeholder=\"\" data-validate=\"\" data-key=\"user_password\"  aria-invalid=\"false\" \/>\n\t\t\t\t\t\t\t\t\t<span class=\"um-toggle-password\"><i class=\"um-icon-eye\"><\/i><\/span>\n\t\t\t\t\t\t\t\t<\/div>\n\t\t\t\t\t\t\t<\/div><\/div><\/div><\/div>\t<input type=\"hidden\" name=\"form_id\" id=\"form_id_6\" value=\"6\" \/>\n\t\t<p class=\"um_request_name\">\n\t\t<label for=\"um_request_6\">Only fill in if you are not human<\/label>\n\t\t<input type=\"hidden\" name=\"um_request\" id=\"um_request_6\" class=\"input\" value=\"\" size=\"25\" autocomplete=\"off\" \/>\n\t<\/p>\n\t<input type=\"hidden\" id=\"_wpnonce\" name=\"_wpnonce\" value=\"4dfe853498\" \/><input type=\"hidden\" name=\"_wp_http_referer\" value=\"\/ro\/wp-json\/wp\/v2\/pages\/23905\" \/>\n\t<div class=\"um-col-alt\">\n\n\t\t\n\t\t\t<div class=\"um-center\">\n\t\t\t\t<input type=\"submit\" value=\"Login\" class=\"um-button\" id=\"um-submit-btn\" \/>\n\t\t\t<\/div>\n\n\t\t\n\t\t<div class=\"um-clear\"><\/div>\n\n\t<\/div>\n\n\t\n\t<div class=\"um-col-alt-b\">\n\t\t<a href=\"https:\/\/goldenwavesupport.info\/ro\/resetati-parola\/\" class=\"um-link-alt\">\n\t\t\tForgot your password?\t\t<\/a>\n\t<\/div>\n\n\t\t\t<\/form>\n\t<\/div>\n<\/div>\n<style>\n\t\t\t.um-6.um {\n\t\t\tmax-width: 450px;\n\t\t}\n\t\t<\/style>\n<\/div>\n<\/div>\n<\/div><div  data-label=\"error\" data-id=\"about-image-section-pro-1\" data-category=\"about\" class=\"about-image-section-pro about-image-section-pro-1\" id=\"error\" style=\"background-color: #f6f6f6; background-image: none;\" data-ovid=\"ovid-error-356\">\n<div  class=\"gridContainer\">\n<div  class=\"row about-image-gridcol-pro\">\n<div  class=\"about-image-textcol-pro\" data-type=\"column\">\n<h2  class=\"\"><span  class=\"ez-toc-section\" id=\"Moegliche-Fehler-bei-der-Anmeldung\" ez-toc-data-id=\"#Moegliche-Fehler-bei-der-Anmeldung\"><\/span><span  style=\"font-size: 24px;\">Posibile erori \u00een timpul \u00eenregistr\u0103rii:<\/span><span  class=\"ez-toc-section-end\"><\/span><\/h2>\n<ul  class=\"\">\n \t<li  style=\"text-align: left;\">A ap\u0103rut o eroare. Este posibil ca pagina s\u0103 fi fost stocat\u0103 \u00een cache. V\u0103 rug\u0103m s\u0103 \u00eencerca\u021bi din nou. \u2013 Dac\u0103 primi\u021bi aceast\u0103 eroare, re\u00eenc\u0103rca\u021bi pagina \u0219i \u00eencerca\u021bi din nou.   <\/li>\n \t<li  style=\"text-align: left;\">Dac\u0103 exist\u0103 prea multe \u00eencerc\u0103ri incorecte de conectare, adresa dvs. de IP va fi blocat\u0103 timp de 60 de minute. A\u0219adar, v\u0103 rug\u0103m s\u0103 v\u0103 nota\u021bi numele de utilizator \u0219i parola \u0219i s\u0103 le p\u0103stra\u021bi \u00een siguran\u021b\u0103. <\/li>\n \t<li  style=\"text-align: left;\">A\u021bi introdus o parol\u0103 incorect\u0103, \u00eencerca\u021bi din nou cu parola corect\u0103, altfel o pute\u021bi reseta singur.<\/li>\n \t<li  style=\"text-align: left;\">A\u021bi introdus un nume de utilizator incorect, \u00eencerca\u021bi din nou cu numele de utilizator corect. Dac\u0103 nu v\u0103 pute\u021bi aminti numele de utilizator, v\u0103 rug\u0103m s\u0103 completa\u021bi <a  href=\"https:\/\/goldenwavesupport.info\/ro\/contactati-ne\/\">formularul de contact<\/a>. <\/li>\n<\/ul>\n<\/div>\n<div  data-type=\"column\" class=\"\"><\/div>\n<\/div>\n<\/div>\n<\/div>","protected":false},"excerpt":{"rendered":"<p>\u00cenregistreaz\u0103-te Te rug\u0103m s\u0103 vizionezi mai \u00eent\u00e2i videoclipul \u00eenainte de a te \u00eenregistra Dac\u0103 nu ai \u00eenc\u0103 un nume de utilizator, te rug\u0103m s\u0103 te \u00eenregistrezi mai \u00eent\u00e2i (d\u0103 clic&hellip; <br \/> <a class=\"button small blue\" href=\"https:\/\/goldenwavesupport.info\/ro\/2024\/09\/28\/cili-cobra-el-iva-sobre-los-gastos-de-envio\/\">Cite\u0219te mai mult<\/a><\/p>\n","protected":false},"author":393,"featured_media":0,"parent":0,"menu_order":0,"comment_status":"closed","ping_status":"closed","template":"full-width-page.php","meta":{"footnotes":""},"class_list":["post-23905","page","type-page","status-publish","hentry"],"_links":{"self":[{"href":"https:\/\/goldenwavesupport.info\/ro\/wp-json\/wp\/v2\/pages\/23905","targetHints":{"allow":["GET"]}}],"collection":[{"href":"https:\/\/goldenwavesupport.info\/ro\/wp-json\/wp\/v2\/pages"}],"about":[{"href":"https:\/\/goldenwavesupport.info\/ro\/wp-json\/wp\/v2\/types\/page"}],"author":[{"embeddable":true,"href":"https:\/\/goldenwavesupport.info\/ro\/wp-json\/wp\/v2\/users\/393"}],"replies":[{"embeddable":true,"href":"https:\/\/goldenwavesupport.info\/ro\/wp-json\/wp\/v2\/comments?post=23905"}],"version-history":[{"count":2,"href":"https:\/\/goldenwavesupport.info\/ro\/wp-json\/wp\/v2\/pages\/23905\/revisions"}],"predecessor-version":[{"id":45761,"href":"https:\/\/goldenwavesupport.info\/ro\/wp-json\/wp\/v2\/pages\/23905\/revisions\/45761"}],"wp:attachment":[{"href":"https:\/\/goldenwavesupport.info\/ro\/wp-json\/wp\/v2\/media?parent=23905"}],"curies":[{"name":"wp","href":"https:\/\/api.w.org\/{rel}","templated":true}]}}