{"id":23909,"date":"2023-07-09T11:14:18","date_gmt":"2023-07-09T09:14:18","guid":{"rendered":"https:\/\/cilisupport.com\/cilihome\/imprint\/"},"modified":"2024-12-07T08:33:58","modified_gmt":"2024-12-07T07:33:58","slug":"imprint","status":"publish","type":"page","link":"https:\/\/goldenwavesupport.info\/ro\/cilihome\/imprint\/","title":{"rendered":"Imprint"},"content":{"rendered":"<div class=\"cog-row\">\n<div class=\"cog-col cog-col--24\">\n<div class=\"cog-content cog-html cog-input\">\n<h3><span class=\"ez-toc-section\" id=\"Adresa-de-contact\"><\/span>Adresa de contact<span class=\"ez-toc-section-end\"><\/span><\/h3>\n<p>Golden Wave Int. Irchelstrasse 24 8172 Niederglatt<\/p>\n<p align=\"left\"><strong>e-mail:<\/strong><br \/>\n<a href=\"https:\/\/goldenwavesupport.info\/ro\/contactati-ne\/\">Formular de contact<\/a><\/p>\n<h3><span class=\"ez-toc-section\" id=\"Registrul-comertului\"><\/span><span class=\"ff2 fc0 fs10 \">Registrul comer\u021bului<br \/>\n<\/span><span class=\"ez-toc-section-end\"><\/span><\/h3>\n<p><span class=\"ff2 fc0 fs10 \">Golden Wave Int. <\/span><span class=\"ff2 fc0 fs10 \"><br \/>\neste \u00eenregistrat\u0103 \u00een registrul comercial CH-020.1.054.563-2<br \/>\n<\/span><\/p>\n<h3><span class=\"ez-toc-section\" id=\"Responsabil-pentru-continut\"><\/span><strong>Responsabil pentru con\u021binut:<\/strong><span class=\"ez-toc-section-end\"><\/span><\/h3>\n<p align=\"left\">C<strong>on\u021binut:<\/strong> Golden Wave Int.<\/p>\n<p align=\"left\">W<strong>eb design:<\/strong> WIBSS Informatik Sulke<\/p>\n<p align=\"left\">A<strong>dministrator tehnic:<\/strong> WIBSS Informatik Sulke<\/p>\n<p align=\"left\"><strong><br \/>\nFotografii:<\/strong>Fotolia \/ licen\u021b\u0103 liber\u0103 \/ Golden Wave Int.<strong><a href=\"https:\/\/www.fotolia.com\/\"><br \/>\n<\/a><\/strong><\/p>\n<p>&nbsp;<\/p>\n<h3><span class=\"ez-toc-section\" id=\"Disclaimer\"><\/span>Disclaimer<span class=\"ez-toc-section-end\"><\/span><\/h3>\n<p>Autorul nu accept\u0103 nicio r\u0103spundere pentru corectitudinea, acurate\u021bea, actualitatea, fiabilitatea \u0219i exhaustivitatea informa\u021biilor furnizate. Sunt excluse preten\u021biile de r\u0103spundere \u00eempotriva autorului pentru daune de natur\u0103 material\u0103 sau imaterial\u0103 care rezult\u0103 din accesul, utilizarea sau neutilizarea informa\u021biilor publicate, utilizarea necorespunz\u0103toare a conexiunii sau defec\u021biuni tehnice. Toate ofertele sunt neobligatorii. Autorul \u00ee\u0219i rezerv\u0103 \u00een mod expres dreptul de a modifica, completa sau \u0219terge p\u0103r\u021bi ale paginilor sau \u00eentreaga ofert\u0103 f\u0103r\u0103 notificare prealabil\u0103 sau de a \u00eenceta temporar sau definitiv publicarea.<\/p>\n<h3><span class=\"ez-toc-section\" id=\"Raspunderea-pentru-linkuri\"><\/span>R\u0103spunderea pentru linkuri<span class=\"ez-toc-section-end\"><\/span><\/h3>\n<p>Referin\u021bele \u0219i linkurile c\u0103tre site-urile web ale ter\u021bilor nu intr\u0103 \u00een sfera noastr\u0103 de responsabilitate \u0219i nu accept\u0103m nicio responsabilitate pentru astfel de site-uri web. Accesul la astfel de site-uri web \u0219i utilizarea acestora se fac pe riscul utilizatorului.<\/p>\n<h3><span class=\"ez-toc-section\" id=\"Drepturile-de-autor\"><\/span>Drepturile de autor<span class=\"ez-toc-section-end\"><\/span><\/h3>\n<p>Drepturile de autor \u0219i toate celelalte drepturi privind con\u021binutul, imaginile, fotografiile sau alte fi\u0219iere de pe site apar\u021bin exclusiv <strong>Golden Wave Int.<\/strong> sau titularilor de drepturi men\u021biona\u021bi \u00een mod specific. Pentru reproducerea oric\u0103ror elemente trebuie ob\u021binut \u00een prealabil acordul scris al titularului drepturilor de autor.<\/p>\n<\/div>\n<\/div>\n<\/div>\n<p>[gzd_complaints]<\/p>\n","protected":false},"excerpt":{"rendered":"<p>Adresa de contact Golden Wave Int. Irchelstrasse 24 8172 Niederglatt e-mail: Formular de contact Registrul comer\u021bului Golden Wave Int. este \u00eenregistrat\u0103 \u00een registrul comercial CH-020.1.054.563-2 Responsabil pentru con\u021binut: Con\u021binut: Golden&hellip; <br \/> <a class=\"button small blue\" href=\"https:\/\/goldenwavesupport.info\/ro\/cilihome\/imprint\/\">Cite\u0219te mai mult<\/a><\/p>\n","protected":false},"author":393,"featured_media":0,"parent":23894,"menu_order":0,"comment_status":"closed","ping_status":"closed","template":"","meta":{"footnotes":""},"class_list":["post-23909","page","type-page","status-publish","hentry"],"_links":{"self":[{"href":"https:\/\/goldenwavesupport.info\/ro\/wp-json\/wp\/v2\/pages\/23909","targetHints":{"allow":["GET"]}}],"collection":[{"href":"https:\/\/goldenwavesupport.info\/ro\/wp-json\/wp\/v2\/pages"}],"about":[{"href":"https:\/\/goldenwavesupport.info\/ro\/wp-json\/wp\/v2\/types\/page"}],"author":[{"embeddable":true,"href":"https:\/\/goldenwavesupport.info\/ro\/wp-json\/wp\/v2\/users\/393"}],"replies":[{"embeddable":true,"href":"https:\/\/goldenwavesupport.info\/ro\/wp-json\/wp\/v2\/comments?post=23909"}],"version-history":[{"count":0,"href":"https:\/\/goldenwavesupport.info\/ro\/wp-json\/wp\/v2\/pages\/23909\/revisions"}],"up":[{"embeddable":true,"href":"https:\/\/goldenwavesupport.info\/ro\/wp-json\/wp\/v2\/pages\/23894"}],"wp:attachment":[{"href":"https:\/\/goldenwavesupport.info\/ro\/wp-json\/wp\/v2\/media?parent=23909"}],"curies":[{"name":"wp","href":"https:\/\/api.w.org\/{rel}","templated":true}]}}