{"id":18726,"date":"2023-07-09T11:14:18","date_gmt":"2023-07-09T09:14:18","guid":{"rendered":"https:\/\/cilisupport.com\/cilihome\/kuenye\/"},"modified":"2024-10-31T08:28:28","modified_gmt":"2024-10-31T07:28:28","slug":"kuenye","status":"publish","type":"page","link":"https:\/\/goldenwavesupport.info\/tr\/cilihome\/kuenye\/","title":{"rendered":"K\u00fcnye"},"content":{"rendered":"<div class=\"cog-row\">\n<div class=\"cog-col cog-col--24\">\n<div class=\"cog-content cog-html cog-input\">\n<h3><span class=\"ez-toc-section\" id=\"Iletisim-adresi\"><\/span>\u0130leti\u015fim adresi<span class=\"ez-toc-section-end\"><\/span><\/h3>\n<p>Golden Wave Int. Irchelstrasse 24 8172 Niederglatt<\/p>\n<p align=\"left\"><strong>e-posta:<\/strong><br \/>\n<a href=\"https:\/\/goldenwavesupport.info\/tr\/bize-ulasin\/\">\u0130leti\u015fim formu<\/a><\/p>\n<h3><span class=\"ez-toc-section\" id=\"Ticaret-sicili\"><\/span><span class=\"ff2 fc0 fs10 \">Ticaret sicili<br \/>\n<\/span><span class=\"ez-toc-section-end\"><\/span><\/h3>\n<p><span class=\"ff2 fc0 fs10 \">Golden Wave Int. <\/span><span class=\"ff2 fc0 fs10 \"><br \/>\nCH-020.1.054.563-2 ticari siciline kay\u0131tl\u0131d\u0131r.<br \/>\n<\/span><\/p>\n<h3><span class=\"ez-toc-section\" id=\"Icerikten-sorumludur\"><\/span><strong>\u0130\u00e7erikten sorumludur:<\/strong><span class=\"ez-toc-section-end\"><\/span><\/h3>\n<p align=\"left\">\u0130\u00e7erik: <strong> Golden Wave Int.<\/strong><\/p>\n<p align=\"left\">W<strong>eb tasar\u0131m\u0131:<\/strong> WIBSS Informatik Sulke<\/p>\n<p align=\"left\">T<strong>eknik y\u00f6netici:<\/strong> WIBSS Informatik Sulke<\/p>\n<p align=\"left\"><strong><br \/>\nFoto\u011fraflar:<\/strong>Fotolia \/ \u00fccretsiz lisans \/ Golden Wave Int.<strong><a href=\"https:\/\/www.fotolia.com\/\"><br \/>\n<\/a><\/strong><\/p>\n<p>&nbsp;<\/p>\n<h3><span class=\"ez-toc-section\" id=\"Sorumluluk-Reddi\"><\/span>Sorumluluk Reddi<span class=\"ez-toc-section-end\"><\/span><\/h3>\n<p>Yazar, sa\u011flanan bilgilerin do\u011frulu\u011fu, kesinli\u011fi, g\u00fcncelli\u011fi, g\u00fcvenilirli\u011fi ve eksiksizli\u011fi konusunda hi\u00e7bir sorumluluk kabul etmez. Yay\u0131mlanan bilgilere eri\u015fimden, bu bilgilerin kullan\u0131m\u0131ndan veya kullan\u0131lmamas\u0131ndan, ba\u011flant\u0131n\u0131n yanl\u0131\u015f kullan\u0131m\u0131ndan veya teknik ar\u0131zalardan kaynaklanan maddi veya manevi zararlar i\u00e7in yazara kar\u015f\u0131 sorumluluk talepleri hari\u00e7 tutulmu\u015ftur. T\u00fcm teklifler ba\u011flay\u0131c\u0131 de\u011fildir. Yazar, \u00f6nceden haber vermeksizin sayfalar\u0131n baz\u0131 k\u0131s\u0131mlar\u0131n\u0131 veya teklifin tamam\u0131n\u0131 de\u011fi\u015ftirme, tamamlama veya silme ya da yay\u0131n\u0131 ge\u00e7ici veya kal\u0131c\u0131 olarak durdurma hakk\u0131n\u0131 a\u00e7\u0131k\u00e7a sakl\u0131 tutar.<\/p>\n<h3><span class=\"ez-toc-section\" id=\"Baglantilar-icin-sorumluluk\"><\/span>Ba\u011flant\u0131lar i\u00e7in sorumluluk<span class=\"ez-toc-section-end\"><\/span><\/h3>\n<p>\u00dc\u00e7\u00fcnc\u00fc taraf web sitelerine yap\u0131lan at\u0131flar ve ba\u011flant\u0131lar sorumluluk alan\u0131m\u0131z\u0131n d\u0131\u015f\u0131ndad\u0131r. Bu t\u00fcr web siteleri i\u00e7in hi\u00e7bir sorumluluk kabul etmiyoruz. Bu t\u00fcr web sitelerine eri\u015fim ve kullan\u0131m riski kullan\u0131c\u0131n\u0131n kendisine aittir.<\/p>\n<h3><span class=\"ez-toc-section\" id=\"Telif-Haklari\"><\/span>Telif Haklar\u0131<span class=\"ez-toc-section-end\"><\/span><\/h3>\n<p>Web sitesindeki i\u00e7erik, g\u00f6r\u00fcnt\u00fc, foto\u011fraf veya di\u011fer dosyalar\u0131n telif hakk\u0131 ve di\u011fer t\u00fcm haklar\u0131 yaln\u0131zca <strong>Golden Wave Int.<\/strong> veya \u00f6zellikle belirtilen hak sahiplerine aittir. Herhangi bir unsurun \u00e7o\u011falt\u0131lmas\u0131 i\u00e7in telif hakk\u0131 sahibinin yaz\u0131l\u0131 onay\u0131 \u00f6nceden al\u0131nmal\u0131d\u0131r.<\/p>\n<\/div>\n<\/div>\n<\/div>\n<p>[gzd_complaints]<\/p>\n","protected":false},"excerpt":{"rendered":"<p>\u0130leti\u015fim adresi Golden Wave Int. Irchelstrasse 24 8172 Niederglatt e-posta: \u0130leti\u015fim formu Ticaret sicili Golden Wave Int. CH-020.1.054.563-2 ticari siciline kay\u0131tl\u0131d\u0131r. \u0130\u00e7erikten sorumludur: \u0130\u00e7erik: Golden Wave Int. Web tasar\u0131m\u0131: WIBSS&hellip; <br \/> <a class=\"button small blue\" href=\"https:\/\/goldenwavesupport.info\/tr\/cilihome\/kuenye\/\">Daha fazla bilgi edinin<\/a><\/p>\n","protected":false},"author":393,"featured_media":0,"parent":18715,"menu_order":0,"comment_status":"closed","ping_status":"closed","template":"","meta":{"footnotes":""},"class_list":["post-18726","page","type-page","status-publish","hentry"],"_links":{"self":[{"href":"https:\/\/goldenwavesupport.info\/tr\/wp-json\/wp\/v2\/pages\/18726","targetHints":{"allow":["GET"]}}],"collection":[{"href":"https:\/\/goldenwavesupport.info\/tr\/wp-json\/wp\/v2\/pages"}],"about":[{"href":"https:\/\/goldenwavesupport.info\/tr\/wp-json\/wp\/v2\/types\/page"}],"author":[{"embeddable":true,"href":"https:\/\/goldenwavesupport.info\/tr\/wp-json\/wp\/v2\/users\/393"}],"replies":[{"embeddable":true,"href":"https:\/\/goldenwavesupport.info\/tr\/wp-json\/wp\/v2\/comments?post=18726"}],"version-history":[{"count":0,"href":"https:\/\/goldenwavesupport.info\/tr\/wp-json\/wp\/v2\/pages\/18726\/revisions"}],"up":[{"embeddable":true,"href":"https:\/\/goldenwavesupport.info\/tr\/wp-json\/wp\/v2\/pages\/18715"}],"wp:attachment":[{"href":"https:\/\/goldenwavesupport.info\/tr\/wp-json\/wp\/v2\/media?parent=18726"}],"curies":[{"name":"wp","href":"https:\/\/api.w.org\/{rel}","templated":true}]}}